{"id":3,"date":"2022-03-12T16:52:29","date_gmt":"2022-03-12T20:52:29","guid":{"rendered":"https:\/\/simlimites.com\/?page_id=3"},"modified":"2026-02-24T16:48:12","modified_gmt":"2026-02-24T20:48:12","slug":"politica-de-privacidad","status":"publish","type":"page","link":"https:\/\/simlimites.com\/en\/politica-de-privacidad\/","title":{"rendered":"Privacy Policy"},"content":{"rendered":"<p>Please read our privacy policy carefully to get a clear understanding of how we collect, use, protect, or otherwise handle your Personally Identifiable Information in accordance with our website.<\/p>\n\n\n\n<h2 class=\"wp-block-heading\"><strong>What personal information do we collect from the people who visit our blog, website, or app?<\/strong><\/h2>\n\n\n\n<p>When ordering or registering on our site, as appropriate, you may be asked to enter your name, email address, mailing address, phone number, or other details to help you with your experience.<\/p>\n\n\n\n<h2 class=\"wp-block-heading\"><strong>When do we collect information?<\/strong><\/h2>\n\n\n\n<p>We collect information from you when you register on our site, place an order, subscribe to a newsletter, use Live Chat, or enter information on our site.<\/p>\n\n\n\n<p><strong>Jurisdiction of Data Collected via Stripe:<\/strong>When using Stripe to process payments, the data collected is subject to the privacy policies and legal jurisdictions of Stripe, Inc. Stripe may process and store this data according to its own terms and conditions, which may differ from those of Simlimites. For more information, please review Stripe's terms and conditions. <a href=\"https:\/\/stripe.com\/privacy\" target=\"_blank\" rel=\"noopener\">t\u00e9rminos y condiciones de Stripe<\/a>.<\/p>\n\n\n\n<h2 class=\"wp-block-heading\"><strong>How do we use your information?<\/strong><\/h2>\n\n\n\n<p>We may use the information we collect from you when you register, make a purchase, sign up for our newsletter, respond to a survey or marketing communication, browse the website, or use certain other site features in the following ways:<\/p>\n\n\n\n<ul class=\"wp-block-list\">\n<li>To send periodic emails regarding reservations or other products and services.<\/li>\n\n\n\n<li>To follow up with them after correspondence (live chat, email, or phone inquiries).<\/li>\n<\/ul>\n\n\n\n<h2 class=\"wp-block-heading\"><strong>How do we protect your information?<\/strong><\/h2>\n\n\n\n<p>Our website is scanned regularly for security holes and known vulnerabilities to make your visit to our site as safe as possible.<\/p>\n\n\n\n<h2 class=\"wp-block-heading\"><strong>We regularly scan for malware.<\/strong><\/h2>\n\n\n\n<p>Your personal information is contained behind secured networks and is only accessible by a limited number of persons who have special access rights to such systems and are required to keep the information confidential. In addition, all sensitive\/credit information you supply is encrypted via Secure Socket Layer (SSL) technology.<\/p>\n\n\n\n<p>We implement a variety of security measures when a user enters, submits, or accesses their information to maintain the safety of your personal information.<br><br><\/p>\n\n\n\n<h2 class=\"wp-block-heading\"><strong>\u00bfC\u00f3mo puedo solicitar la eliminaci\u00f3n de mi cuenta y mis datos personales?<\/strong><\/h2>\n\n\n\n<p>Para eliminar su cuenta y los datos asociados, siga estos pasos:<\/p>\n\n\n\n<ol start=\"1\" class=\"wp-block-list\">\n<li>Inicie sesi\u00f3n en la aplicaci\u00f3n.<\/li>\n\n\n\n<li>Dir\u00edjase a la secci\u00f3n Account (Cuenta).<\/li>\n\n\n\n<li>Seleccione la opci\u00f3n Delete Account (Eliminar cuenta).<\/li>\n\n\n\n<li>Confirme su solicitud.<\/li>\n<\/ol>\n\n\n\n<p>Una vez completado este proceso, su cuenta y la informaci\u00f3n personal asociada ser\u00e1n eliminadas de nuestros sistemas, salvo aquellos datos que debamos conservar por obligaciones legales, regulatorias o de prevenci\u00f3n de fraude.<br>Si tiene dificultades para eliminar su cuenta desde la aplicaci\u00f3n, puede solicitar la eliminaci\u00f3n de sus datos enviando un correo electr\u00f3nico a <a target=\"_blank\" href=\"mailto:support@simlimites.com\" rel=\"noreferrer noopener\">support@simlimites.com<\/a> indicando el correo asociado a su cuenta.<\/p>\n\n\n\n<p><\/p>","protected":false},"excerpt":{"rendered":"<p>Lea detenidamente nuestra pol\u00edtica de privacidad para obtener una comprensi\u00f3n clara de c\u00f3mo recopilamos, usamos, protegemos o manejamos su Informaci\u00f3n de identificaci\u00f3n personal de acuerdo con nuestro sitio web. \u00bfQu\u00e9 informaci\u00f3n personal recopilamos de las personas que visitan nuestro blog, sitio web o aplicaci\u00f3n? Al hacer solicitar informaci\u00f3n o registrarse [&hellip;]<\/p>","protected":false},"author":1,"featured_media":0,"parent":0,"menu_order":0,"comment_status":"closed","ping_status":"closed","template":"","meta":{"_acf_changed":false,"site-sidebar-layout":"default","site-content-layout":"","ast-site-content-layout":"default","site-content-style":"default","site-sidebar-style":"default","ast-global-header-display":"","ast-banner-title-visibility":"","ast-main-header-display":"","ast-hfb-above-header-display":"","ast-hfb-below-header-display":"","ast-hfb-mobile-header-display":"","site-post-title":"","ast-breadcrumbs-content":"","ast-featured-img":"","footer-sml-layout":"","theme-transparent-header-meta":"","adv-header-id-meta":"","stick-header-meta":"","header-above-stick-meta":"","header-main-stick-meta":"","header-below-stick-meta":"","astra-migrate-meta-layouts":"set","ast-page-background-enabled":"default","ast-page-background-meta":{"desktop":{"background-color":"var(--ast-global-color-4)","background-image":"","background-repeat":"repeat","background-position":"center center","background-size":"auto","background-attachment":"scroll","background-type":"","background-media":"","overlay-type":"","overlay-color":"","overlay-gradient":""},"tablet":{"background-color":"","background-image":"","background-repeat":"repeat","background-position":"center center","background-size":"auto","background-attachment":"scroll","background-type":"","background-media":"","overlay-type":"","overlay-color":"","overlay-gradient":""},"mobile":{"background-color":"","background-image":"","background-repeat":"repeat","background-position":"center center","background-size":"auto","background-attachment":"scroll","background-type":"","background-media":"","overlay-type":"","overlay-color":"","overlay-gradient":""}},"ast-content-background-meta":{"desktop":{"background-color":"var(--ast-global-color-5)","background-image":"","background-repeat":"repeat","background-position":"center center","background-size":"auto","background-attachment":"scroll","background-type":"","background-media":"","overlay-type":"","overlay-color":"","overlay-gradient":""},"tablet":{"background-color":"var(--ast-global-color-5)","background-image":"","background-repeat":"repeat","background-position":"center center","background-size":"auto","background-attachment":"scroll","background-type":"","background-media":"","overlay-type":"","overlay-color":"","overlay-gradient":""},"mobile":{"background-color":"var(--ast-global-color-5)","background-image":"","background-repeat":"repeat","background-position":"center center","background-size":"auto","background-attachment":"scroll","background-type":"","background-media":"","overlay-type":"","overlay-color":"","overlay-gradient":""}},"footnotes":""},"class_list":["post-3","page","type-page","status-publish","hentry"],"acf":[],"jetpack_sharing_enabled":true,"meta_box":[],"_links":{"self":[{"href":"https:\/\/simlimites.com\/en\/wp-json\/wp\/v2\/pages\/3","targetHints":{"allow":["GET"]}}],"collection":[{"href":"https:\/\/simlimites.com\/en\/wp-json\/wp\/v2\/pages"}],"about":[{"href":"https:\/\/simlimites.com\/en\/wp-json\/wp\/v2\/types\/page"}],"author":[{"embeddable":true,"href":"https:\/\/simlimites.com\/en\/wp-json\/wp\/v2\/users\/1"}],"replies":[{"embeddable":true,"href":"https:\/\/simlimites.com\/en\/wp-json\/wp\/v2\/comments?post=3"}],"version-history":[{"count":2,"href":"https:\/\/simlimites.com\/en\/wp-json\/wp\/v2\/pages\/3\/revisions"}],"predecessor-version":[{"id":109106,"href":"https:\/\/simlimites.com\/en\/wp-json\/wp\/v2\/pages\/3\/revisions\/109106"}],"wp:attachment":[{"href":"https:\/\/simlimites.com\/en\/wp-json\/wp\/v2\/media?parent=3"}],"curies":[{"name":"wp","href":"https:\/\/api.w.org\/{rel}","templated":true}]}}