{"id":90276,"date":"2025-07-24T12:33:17","date_gmt":"2025-07-24T16:33:17","guid":{"rendered":"https:\/\/simlimites.com\/?page_id=90276"},"modified":"2025-10-11T13:26:08","modified_gmt":"2025-10-11T17:26:08","slug":"salvador","status":"publish","type":"page","link":"https:\/\/simlimites.com\/en\/salvador\/","title":{"rendered":"Salvador"},"content":{"rendered":"<div data-elementor-type=\"wp-page\" data-elementor-id=\"90276\" class=\"elementor elementor-90276\" data-elementor-post-type=\"page\">\n\t\t\t\t<div data-particle_enable=\"false\" data-particle-mobile-disabled=\"false\" data-dce-background-image-url=\"https:\/\/simlimites.com\/wp-content\/uploads\/2025\/07\/slavador.jpeg\" class=\"elementor-element elementor-element-24b51581 e-con-full e-flex e-con e-parent\" data-id=\"24b51581\" data-element_type=\"container\" data-settings=\"{&quot;background_background&quot;:&quot;classic&quot;}\">\n\t\t\t\t<\/div>\n\t\t<div data-particle_enable=\"false\" data-particle-mobile-disabled=\"false\" class=\"elementor-element elementor-element-6225569e e-flex e-con-boxed e-con e-parent\" data-id=\"6225569e\" data-element_type=\"container\" data-settings=\"{&quot;background_background&quot;:&quot;classic&quot;}\">\n\t\t\t\t\t<div class=\"e-con-inner\">\n\t\t<div data-particle_enable=\"false\" data-particle-mobile-disabled=\"false\" data-dce-background-color=\"#FFFFFF\" class=\"elementor-element elementor-element-3d67f439 e-con-full e-flex e-con e-child\" data-id=\"3d67f439\" data-element_type=\"container\" data-settings=\"{&quot;background_background&quot;:&quot;classic&quot;}\">\n\t\t\t\t<div class=\"elementor-element elementor-element-51c56c5d dce_masking-none elementor-widget elementor-widget-image\" data-id=\"51c56c5d\" data-element_type=\"widget\" data-widget_type=\"image.default\">\n\t\t\t\t<div class=\"elementor-widget-container\">\n\t\t\t\t\t\t\t\t\t\t\t\t\t<img decoding=\"async\" width=\"192\" height=\"85\" src=\"https:\/\/simlimites.com\/wp-content\/uploads\/2025\/07\/logo.png\" class=\"attachment-large size-large wp-image-90289\" alt=\"\" srcset=\"https:\/\/simlimites.com\/wp-content\/uploads\/2025\/07\/logo.png 192w, https:\/\/simlimites.com\/wp-content\/uploads\/2025\/07\/logo-18x8.png 18w\" sizes=\"(max-width: 192px) 100vw, 192px\" title=\"\">\t\t\t\t\t\t\t\t\t\t\t\t\t<\/div>\n\t\t\t\t<\/div>\n\t\t\t\t<\/div>\n\t\t\t\t\t<\/div>\n\t\t\t\t<\/div>\n\t\t<div data-particle_enable=\"false\" data-particle-mobile-disabled=\"false\" class=\"elementor-element elementor-element-41508ec9 e-flex e-con-boxed e-con e-parent\" data-id=\"41508ec9\" data-element_type=\"container\">\n\t\t\t\t\t<div class=\"e-con-inner\">\n\t\t<div data-particle_enable=\"false\" data-particle-mobile-disabled=\"false\" class=\"elementor-element elementor-element-4b7e0ba1 e-con-full e-flex e-con e-child\" data-id=\"4b7e0ba1\" data-element_type=\"container\">\n\t\t\t\t<div class=\"elementor-element elementor-element-3810bca7 elementor-widget elementor-widget-heading\" data-id=\"3810bca7\" data-element_type=\"widget\" data-widget_type=\"heading.default\">\n\t\t\t\t<div class=\"elementor-widget-container\">\n\t\t\t<h2 class=\"elementor-heading-title elementor-size-default\">Con\u00e9ctate gratis<br>al aterrizar en El Salvador<\/h2>\t\t<\/div>\n\t\t\t\t<\/div>\n\t\t\t\t<div class=\"elementor-element elementor-element-158b20ef elementor-widget elementor-widget-text-editor\" data-id=\"158b20ef\" data-element_type=\"widget\" data-widget_type=\"text-editor.default\">\n\t\t\t\t<div class=\"elementor-widget-container\">\n\t\t\t\t\t\t\t<p>Recibe una <strong>eSIM de 1GB totalmente gratis<\/strong> y navega como en casa desde el primer minuto.<br \/>Sin contratos. Sin esperas. Sin sorpresas.<\/p>\t\t\t\t\t\t<\/div>\n\t\t\t\t<\/div>\n\t\t\t\t<div data-dce-background-color=\"#0E2172\" class=\"elementor-element elementor-element-4fdc2045 elementor-mobile-align-justify elementor-widget elementor-widget-button\" data-id=\"4fdc2045\" data-element_type=\"widget\" data-widget_type=\"button.default\">\n\t\t\t\t<div class=\"elementor-widget-container\">\n\t\t\t\t\t<div class=\"elementor-button-wrapper\">\n\t\t\t<a class=\"elementor-button elementor-button-link elementor-size-sm\" href=\"https:\/\/simlimites.com\/en\/formulario-salvador\/\">\n\t\t\t\t\t\t<span class=\"elementor-button-content-wrapper\">\n\t\t\t\t\t\t<span class=\"elementor-button-icon\">\n\t\t\t\t<i aria-hidden=\"true\" class=\"icone icone-right-arrow1\"><\/i>\t\t\t<\/span>\n\t\t\t\t\t\t\t\t\t<span class=\"elementor-button-text\">Activa tu eSIM gratis<\/span>\n\t\t\t\t\t<\/span>\n\t\t\t\t\t<\/a>\n\t\t<\/div>\n\t\t\t\t<\/div>\n\t\t\t\t<\/div>\n\t\t\t\t<div class=\"elementor-element elementor-element-7b44b63 elementor-widget elementor-widget-text-editor\" data-id=\"7b44b63\" data-element_type=\"widget\" data-widget_type=\"text-editor.default\">\n\t\t\t\t<div class=\"elementor-widget-container\">\n\t\t\t\t\t\t\t<p>Solo necesitas tu correo y un dispositivo compatible.<\/p>\t\t\t\t\t\t<\/div>\n\t\t\t\t<\/div>\n\t\t\t\t<\/div>\n\t\t\t\t\t<\/div>\n\t\t\t\t<\/div>\n\t\t<div data-particle_enable=\"false\" data-particle-mobile-disabled=\"false\" class=\"elementor-element elementor-element-46395d12 e-flex e-con-boxed e-con e-parent\" data-id=\"46395d12\" data-element_type=\"container\">\n\t\t\t\t\t<div class=\"e-con-inner\">\n\t\t\t\t<div class=\"elementor-element elementor-element-28133293 elementor-widget elementor-widget-spacer\" data-id=\"28133293\" data-element_type=\"widget\" data-widget_type=\"spacer.default\">\n\t\t\t\t<div class=\"elementor-widget-container\">\n\t\t\t\t\t<div class=\"elementor-spacer\">\n\t\t\t<div class=\"elementor-spacer-inner\"><\/div>\n\t\t<\/div>\n\t\t\t\t<\/div>\n\t\t\t\t<\/div>\n\t\t\t\t\t<\/div>\n\t\t\t\t<\/div>\n\t\t<div data-particle_enable=\"false\" data-particle-mobile-disabled=\"false\" data-dce-background-overlay-color=\"#FFFFFF\" class=\"elementor-element elementor-element-17ed95cc e-flex e-con-boxed e-con e-parent\" data-id=\"17ed95cc\" data-element_type=\"container\">\n\t\t\t\t\t<div class=\"e-con-inner\">\n\t\t<div data-particle_enable=\"false\" data-particle-mobile-disabled=\"false\" class=\"elementor-element elementor-element-6a0feec6 e-con-full e-flex e-con e-child\" data-id=\"6a0feec6\" data-element_type=\"container\">\n\t\t\t\t<div class=\"elementor-element elementor-element-7356a63c elementor-widget elementor-widget-heading\" data-id=\"7356a63c\" data-element_type=\"widget\" data-widget_type=\"heading.default\">\n\t\t\t\t<div class=\"elementor-widget-container\">\n\t\t\t<h2 class=\"elementor-heading-title elementor-size-default\">Caracter\u00edsticas<\/h2>\t\t<\/div>\n\t\t\t\t<\/div>\n\t\t\t\t<\/div>\n\t\t<div data-particle_enable=\"false\" data-particle-mobile-disabled=\"false\" class=\"elementor-element elementor-element-34957846 e-con-full e-flex e-con e-child\" data-id=\"34957846\" data-element_type=\"container\">\n\t\t<div data-particle_enable=\"false\" data-particle-mobile-disabled=\"false\" class=\"elementor-element elementor-element-60147a60 e-con-full e-flex e-con e-child\" data-id=\"60147a60\" data-element_type=\"container\">\n\t\t\t\t<div class=\"elementor-element elementor-element-54d873ca dce_masking-none elementor-widget elementor-widget-image\" data-id=\"54d873ca\" data-element_type=\"widget\" data-widget_type=\"image.default\">\n\t\t\t\t<div class=\"elementor-widget-container\">\n\t\t\t\t\t\t\t\t\t\t\t\t\t<img decoding=\"async\" width=\"32\" height=\"32\" src=\"https:\/\/simlimites.com\/wp-content\/uploads\/2025\/07\/esim-icon.png\" class=\"attachment-large size-large wp-image-90288\" alt=\"\" srcset=\"https:\/\/simlimites.com\/wp-content\/uploads\/2025\/07\/esim-icon.png 32w, https:\/\/simlimites.com\/wp-content\/uploads\/2025\/07\/esim-icon-12x12.png 12w\" sizes=\"(max-width: 32px) 100vw, 32px\" title=\"\">\t\t\t\t\t\t\t\t\t\t\t\t\t<\/div>\n\t\t\t\t<\/div>\n\t\t\t\t<\/div>\n\t\t<div data-particle_enable=\"false\" data-particle-mobile-disabled=\"false\" class=\"elementor-element elementor-element-1919ae0f e-con-full e-flex e-con e-child\" data-id=\"1919ae0f\" data-element_type=\"container\">\n\t\t\t\t<div class=\"elementor-element elementor-element-1af38873 elementor-widget elementor-widget-heading\" data-id=\"1af38873\" data-element_type=\"widget\" data-widget_type=\"heading.default\">\n\t\t\t\t<div class=\"elementor-widget-container\">\n\t\t\t<h2 class=\"elementor-heading-title elementor-size-default\">\u00bfQu\u00e9 es una eSIM?<\/h2>\t\t<\/div>\n\t\t\t\t<\/div>\n\t\t\t\t<div class=\"elementor-element elementor-element-74a09d54 elementor-widget elementor-widget-text-editor\" data-id=\"74a09d54\" data-element_type=\"widget\" data-widget_type=\"text-editor.default\">\n\t\t\t\t<div class=\"elementor-widget-container\">\n\t\t\t\t\t\t\t<p>Una eSIM es una tarjeta SIM digital que ya viene integrada en tu dispositivo. Se activa f\u00e1cilmente escaneando un c\u00f3digo QR, sin necesidad de chip f\u00edsico.<\/p>\t\t\t\t\t\t<\/div>\n\t\t\t\t<\/div>\n\t\t\t\t<\/div>\n\t\t\t\t<\/div>\n\t\t<div data-particle_enable=\"false\" data-particle-mobile-disabled=\"false\" class=\"elementor-element elementor-element-5ce88a62 e-con-full e-flex e-con e-child\" data-id=\"5ce88a62\" data-element_type=\"container\">\n\t\t<div data-particle_enable=\"false\" data-particle-mobile-disabled=\"false\" class=\"elementor-element elementor-element-7d66b295 e-con-full e-flex e-con e-child\" data-id=\"7d66b295\" data-element_type=\"container\">\n\t\t\t\t<div class=\"elementor-element elementor-element-7139624c dce_masking-none elementor-widget elementor-widget-image\" data-id=\"7139624c\" data-element_type=\"widget\" data-widget_type=\"image.default\">\n\t\t\t\t<div class=\"elementor-widget-container\">\n\t\t\t\t\t\t\t\t\t\t\t\t\t<img decoding=\"async\" width=\"32\" height=\"32\" src=\"https:\/\/simlimites.com\/wp-content\/uploads\/2025\/07\/user-check.png\" class=\"attachment-large size-large wp-image-90292\" alt=\"\" srcset=\"https:\/\/simlimites.com\/wp-content\/uploads\/2025\/07\/user-check.png 32w, https:\/\/simlimites.com\/wp-content\/uploads\/2025\/07\/user-check-12x12.png 12w\" sizes=\"(max-width: 32px) 100vw, 32px\" title=\"\">\t\t\t\t\t\t\t\t\t\t\t\t\t<\/div>\n\t\t\t\t<\/div>\n\t\t\t\t<\/div>\n\t\t<div data-particle_enable=\"false\" data-particle-mobile-disabled=\"false\" class=\"elementor-element elementor-element-5728ae5d e-con-full e-flex e-con e-child\" data-id=\"5728ae5d\" data-element_type=\"container\">\n\t\t\t\t<div class=\"elementor-element elementor-element-5731ae58 elementor-widget elementor-widget-heading\" data-id=\"5731ae58\" data-element_type=\"widget\" data-widget_type=\"heading.default\">\n\t\t\t\t<div class=\"elementor-widget-container\">\n\t\t\t<h2 class=\"elementor-heading-title elementor-size-default\">Ventajas de su uso<\/h2>\t\t<\/div>\n\t\t\t\t<\/div>\n\t\t\t\t<div class=\"elementor-element elementor-element-30d9af45 elementor-widget elementor-widget-text-editor\" data-id=\"30d9af45\" data-element_type=\"widget\" data-widget_type=\"text-editor.default\">\n\t\t\t\t<div class=\"elementor-widget-container\">\n\t\t\t\t\t\t\t<p><strong>Sin esperas ni env\u00edos:<\/strong> Act\u00edvala al instante, est\u00e9s donde est\u00e9s.<br \/><strong>M\u00e1s de una l\u00ednea:<\/strong> Puedes tener varios planes m\u00f3viles en el mismo dispositivo (perfecto para viajes o separar lo personal de lo laboral).<br \/><strong>Compatible:<\/strong> Funciona con la mayor\u00eda de los smartphones modernos.<\/p>\t\t\t\t\t\t<\/div>\n\t\t\t\t<\/div>\n\t\t\t\t<\/div>\n\t\t\t\t<\/div>\n\t\t<div data-particle_enable=\"false\" data-particle-mobile-disabled=\"false\" class=\"elementor-element elementor-element-49839dc8 e-con-full e-flex e-con e-child\" data-id=\"49839dc8\" data-element_type=\"container\">\n\t\t<div data-particle_enable=\"false\" data-particle-mobile-disabled=\"false\" class=\"elementor-element elementor-element-5b0c8e5b e-con-full e-flex e-con e-child\" data-id=\"5b0c8e5b\" data-element_type=\"container\">\n\t\t\t\t<div class=\"elementor-element elementor-element-73a74f04 dce_masking-none elementor-widget elementor-widget-image\" data-id=\"73a74f04\" data-element_type=\"widget\" data-widget_type=\"image.default\">\n\t\t\t\t<div class=\"elementor-widget-container\">\n\t\t\t\t\t\t\t\t\t\t\t\t\t<img loading=\"lazy\" decoding=\"async\" width=\"32\" height=\"32\" src=\"https:\/\/simlimites.com\/wp-content\/uploads\/2025\/07\/calendar.png\" class=\"attachment-large size-large wp-image-90293\" alt=\"\" srcset=\"https:\/\/simlimites.com\/wp-content\/uploads\/2025\/07\/calendar.png 32w, https:\/\/simlimites.com\/wp-content\/uploads\/2025\/07\/calendar-12x12.png 12w\" sizes=\"(max-width: 32px) 100vw, 32px\" title=\"\">\t\t\t\t\t\t\t\t\t\t\t\t\t<\/div>\n\t\t\t\t<\/div>\n\t\t\t\t<\/div>\n\t\t<div data-particle_enable=\"false\" data-particle-mobile-disabled=\"false\" class=\"elementor-element elementor-element-281495ae e-con-full e-flex e-con e-child\" data-id=\"281495ae\" data-element_type=\"container\">\n\t\t\t\t<div class=\"elementor-element elementor-element-447c078f elementor-widget elementor-widget-heading\" data-id=\"447c078f\" data-element_type=\"widget\" data-widget_type=\"heading.default\">\n\t\t\t\t<div class=\"elementor-widget-container\">\n\t\t\t<h2 class=\"elementor-heading-title elementor-size-default\">Soporte 24\/7<\/h2>\t\t<\/div>\n\t\t\t\t<\/div>\n\t\t\t\t<div class=\"elementor-element elementor-element-1d551e0b elementor-widget elementor-widget-text-editor\" data-id=\"1d551e0b\" data-element_type=\"widget\" data-widget_type=\"text-editor.default\">\n\t\t\t\t<div class=\"elementor-widget-container\">\n\t\t\t\t\t\t\t<p>Nuestro equipo de soporte est\u00e1 disponible las 24 horas, 7 d\u00edas de la semana para asistirte en lo que necesites, sin importar la zona horaria.<\/p>\t\t\t\t\t\t<\/div>\n\t\t\t\t<\/div>\n\t\t\t\t<\/div>\n\t\t\t\t<\/div>\n\t\t<div data-particle_enable=\"false\" data-particle-mobile-disabled=\"false\" class=\"elementor-element elementor-element-ce187d7 e-con-full e-flex e-con e-child\" data-id=\"ce187d7\" data-element_type=\"container\">\n\t\t<div data-particle_enable=\"false\" data-particle-mobile-disabled=\"false\" class=\"elementor-element elementor-element-741db990 e-con-full e-flex e-con e-child\" data-id=\"741db990\" data-element_type=\"container\">\n\t\t\t\t<div class=\"elementor-element elementor-element-5f4d374 dce_masking-none elementor-widget elementor-widget-image\" data-id=\"5f4d374\" data-element_type=\"widget\" data-widget_type=\"image.default\">\n\t\t\t\t<div class=\"elementor-widget-container\">\n\t\t\t\t\t\t\t\t\t\t\t\t\t<img loading=\"lazy\" decoding=\"async\" width=\"32\" height=\"32\" src=\"https:\/\/simlimites.com\/wp-content\/uploads\/2025\/07\/settings.png\" class=\"attachment-large size-large wp-image-90291\" alt=\"\" srcset=\"https:\/\/simlimites.com\/wp-content\/uploads\/2025\/07\/settings.png 32w, https:\/\/simlimites.com\/wp-content\/uploads\/2025\/07\/settings-12x12.png 12w\" sizes=\"(max-width: 32px) 100vw, 32px\" title=\"\">\t\t\t\t\t\t\t\t\t\t\t\t\t<\/div>\n\t\t\t\t<\/div>\n\t\t\t\t<\/div>\n\t\t<div data-particle_enable=\"false\" data-particle-mobile-disabled=\"false\" class=\"elementor-element elementor-element-2d4ca5da e-con-full e-flex e-con e-child\" data-id=\"2d4ca5da\" data-element_type=\"container\">\n\t\t\t\t<div class=\"elementor-element elementor-element-18442d4a elementor-widget elementor-widget-heading\" data-id=\"18442d4a\" data-element_type=\"widget\" data-widget_type=\"heading.default\">\n\t\t\t\t<div class=\"elementor-widget-container\">\n\t\t\t<h2 class=\"elementor-heading-title elementor-size-default\">C\u00f3mo funciona<\/h2>\t\t<\/div>\n\t\t\t\t<\/div>\n\t\t\t\t<div class=\"elementor-element elementor-element-68cde691 elementor-widget elementor-widget-text-editor\" data-id=\"68cde691\" data-element_type=\"widget\" data-widget_type=\"text-editor.default\">\n\t\t\t\t<div class=\"elementor-widget-container\">\n\t\t\t\t\t\t\t<p>Luego de obtener la eSIM recibir\u00e1s un c\u00f3digo QR e instrucciones de activaciones. S\u00f3lo debes escanearlo o seguir los pasos en tu dispositivo compatible, \u00a1y listo! Estar\u00e1s conectado sin necesidad de insertar nada. <\/p>\t\t\t\t\t\t<\/div>\n\t\t\t\t<\/div>\n\t\t\t\t<\/div>\n\t\t\t\t<\/div>\n\t\t\t\t\t<\/div>\n\t\t\t\t<\/div>\n\t\t\t\t<\/div>","protected":false},"excerpt":{"rendered":"<p>Con\u00e9ctate gratisal aterrizar en El Salvador Recibe una eSIM de 1GB totalmente gratis y navega como en casa desde el primer minuto.Sin contratos. Sin esperas. Sin sorpresas. Activa tu eSIM gratis Solo necesitas tu correo y un dispositivo compatible. Caracter\u00edsticas \u00bfQu\u00e9 es una eSIM? Una eSIM es una tarjeta SIM [&hellip;]<\/p>","protected":false},"author":26474,"featured_media":0,"parent":0,"menu_order":0,"comment_status":"closed","ping_status":"closed","template":"elementor_canvas","meta":{"_acf_changed":false,"site-sidebar-layout":"no-sidebar","site-content-layout":"page-builder","ast-site-content-layout":"full-width-container","site-content-style":"default","site-sidebar-style":"default","ast-global-header-display":"","ast-banner-title-visibility":"","ast-main-header-display":"","ast-hfb-above-header-display":"","ast-hfb-below-header-display":"","ast-hfb-mobile-header-display":"","site-post-title":"disabled","ast-breadcrumbs-content":"","ast-featured-img":"disabled","footer-sml-layout":"","theme-transparent-header-meta":"","adv-header-id-meta":"","stick-header-meta":"","header-above-stick-meta":"","header-main-stick-meta":"","header-below-stick-meta":"","astra-migrate-meta-layouts":"set","ast-page-background-enabled":"default","ast-page-background-meta":{"desktop":{"background-color":"var(--ast-global-color-4)","background-image":"","background-repeat":"repeat","background-position":"center center","background-size":"auto","background-attachment":"scroll","background-type":"","background-media":"","overlay-type":"","overlay-color":"","overlay-gradient":""},"tablet":{"background-color":"","background-image":"","background-repeat":"repeat","background-position":"center center","background-size":"auto","background-attachment":"scroll","background-type":"","background-media":"","overlay-type":"","overlay-color":"","overlay-gradient":""},"mobile":{"background-color":"","background-image":"","background-repeat":"repeat","background-position":"center center","background-size":"auto","background-attachment":"scroll","background-type":"","background-media":"","overlay-type":"","overlay-color":"","overlay-gradient":""}},"ast-content-background-meta":{"desktop":{"background-color":"var(--ast-global-color-5)","background-image":"","background-repeat":"repeat","background-position":"center center","background-size":"auto","background-attachment":"scroll","background-type":"","background-media":"","overlay-type":"","overlay-color":"","overlay-gradient":""},"tablet":{"background-color":"var(--ast-global-color-5)","background-image":"","background-repeat":"repeat","background-position":"center center","background-size":"auto","background-attachment":"scroll","background-type":"","background-media":"","overlay-type":"","overlay-color":"","overlay-gradient":""},"mobile":{"background-color":"var(--ast-global-color-5)","background-image":"","background-repeat":"repeat","background-position":"center center","background-size":"auto","background-attachment":"scroll","background-type":"","background-media":"","overlay-type":"","overlay-color":"","overlay-gradient":""}},"footnotes":""},"class_list":["post-90276","page","type-page","status-publish","hentry"],"acf":[],"jetpack_sharing_enabled":true,"meta_box":[],"_links":{"self":[{"href":"https:\/\/simlimites.com\/en\/wp-json\/wp\/v2\/pages\/90276","targetHints":{"allow":["GET"]}}],"collection":[{"href":"https:\/\/simlimites.com\/en\/wp-json\/wp\/v2\/pages"}],"about":[{"href":"https:\/\/simlimites.com\/en\/wp-json\/wp\/v2\/types\/page"}],"author":[{"embeddable":true,"href":"https:\/\/simlimites.com\/en\/wp-json\/wp\/v2\/users\/26474"}],"replies":[{"embeddable":true,"href":"https:\/\/simlimites.com\/en\/wp-json\/wp\/v2\/comments?post=90276"}],"version-history":[{"count":35,"href":"https:\/\/simlimites.com\/en\/wp-json\/wp\/v2\/pages\/90276\/revisions"}],"predecessor-version":[{"id":97691,"href":"https:\/\/simlimites.com\/en\/wp-json\/wp\/v2\/pages\/90276\/revisions\/97691"}],"wp:attachment":[{"href":"https:\/\/simlimites.com\/en\/wp-json\/wp\/v2\/media?parent=90276"}],"curies":[{"name":"wp","href":"https:\/\/api.w.org\/{rel}","templated":true}]}}