{"id":90382,"date":"2025-07-24T18:07:28","date_gmt":"2025-07-24T22:07:28","guid":{"rendered":"https:\/\/simlimites.com\/?page_id=90382"},"modified":"2025-07-29T10:50:14","modified_gmt":"2025-07-29T14:50:14","slug":"formulario-puerto-rico","status":"publish","type":"page","link":"https:\/\/simlimites.com\/en\/formulario-puerto-rico\/","title":{"rendered":"Formulario Puerto Rico"},"content":{"rendered":"<div data-elementor-type=\"wp-page\" data-elementor-id=\"90382\" class=\"elementor elementor-90382\" data-elementor-post-type=\"page\">\n\t\t\t\t<div data-particle_enable=\"false\" data-particle-mobile-disabled=\"false\" data-dce-background-color=\"#00C3FF\" class=\"elementor-element elementor-element-748ad7d5 e-con-full e-flex e-con e-parent\" data-id=\"748ad7d5\" data-element_type=\"container\" data-settings=\"{&quot;background_background&quot;:&quot;classic&quot;}\">\n\t\t<div data-particle_enable=\"false\" data-particle-mobile-disabled=\"false\" class=\"elementor-element elementor-element-7a670fe8 e-flex e-con-boxed e-con e-child\" data-id=\"7a670fe8\" data-element_type=\"container\">\n\t\t\t\t\t<div class=\"e-con-inner\">\n\t\t\t\t<div class=\"elementor-element elementor-element-13d7952 elementor-widget elementor-widget-heading\" data-id=\"13d7952\" data-element_type=\"widget\" data-widget_type=\"heading.default\">\n\t\t\t\t<div class=\"elementor-widget-container\">\n\t\t\t<h2 class=\"elementor-heading-title elementor-size-default\">Vamos a canjear <br>\ntu eSIM<\/h2>\t\t<\/div>\n\t\t\t\t<\/div>\n\t\t\t\t<div class=\"elementor-element elementor-element-3ae71284 elementor-widget elementor-widget-text-editor\" data-id=\"3ae71284\" data-element_type=\"widget\" data-widget_type=\"text-editor.default\">\n\t\t\t\t<div class=\"elementor-widget-container\">\n\t\t\t\t\t\t\t<p><span style=\"color: #ffffff;\">Comienza a disfrutar de<\/span> 1GB de <br \/>datos gratis<\/p>\t\t\t\t\t\t<\/div>\n\t\t\t\t<\/div>\n\t\t\t\t\t<\/div>\n\t\t\t\t<\/div>\n\t\t\t\t<\/div>\n\t\t<div data-particle_enable=\"false\" data-particle-mobile-disabled=\"false\" class=\"elementor-element elementor-element-d1d5b92 e-flex e-con-boxed e-con e-parent\" data-id=\"d1d5b92\" data-element_type=\"container\">\n\t\t\t\t\t<div class=\"e-con-inner\">\n\t\t<div data-particle_enable=\"false\" data-particle-mobile-disabled=\"false\" class=\"elementor-element elementor-element-ef81b19 e-con-full e-flex e-con e-child\" data-id=\"ef81b19\" data-element_type=\"container\">\n\t\t\t\t<div class=\"elementor-element elementor-element-cfc25c9 elementor-widget elementor-widget-shortcode\" data-id=\"cfc25c9\" data-element_type=\"widget\" data-widget_type=\"shortcode.default\">\n\t\t\t\t<div class=\"elementor-widget-container\">\n\t\t\t\t\t<div class=\"elementor-shortcode\">        <div class=\"kanvas-esim-container kanvas-esim-form\">\n            <!-- Formulario Principal -->\n            <form action=\"\" class=\"form\" id=\"kanvas-esim-form\" data-trp-original-action=\"\">\n                <!-- T\u00edtulo y subt\u00edtulo -->\n                <h1 class=\"form-title\">Completa el formulario<\/h1>\n                <p class=\"form-subtitle\">Proporciona tu informaci\u00f3n para que podamos enviarte todos los detalles necesarios para la activaci\u00f3n de tu plan<\/p>\n                \n                <div class=\"form-group\">\n                    <div class=\"form-item\">\n                        <label for=\"name\" class=\"form-label\">Nombre<\/label>\n                        <input type=\"text\" id=\"name\" placeholder=\"Enter your name\" class=\"form-input\" required>\n                    <\/div>\n                    \n                    <div class=\"form-item\">\n                        <label for=\"apellido\" class=\"form-label\">Apellido<\/label>\n                        <input type=\"text\" id=\"apellido\" placeholder=\"Enter your last name\" class=\"form-input\" required>\n                    <\/div>\n                <\/div>\n                \n                <div class=\"form-item-full\">\n                    <label for=\"correo\" class=\"form-label\">Correo electr\u00f3nico<\/label>\n                    <input type=\"email\" id=\"correo\" placeholder=\"Ingresa tu correo el\u00e9ctronico\" class=\"form-input\" required>\n                <\/div>\n\n                <div class=\"space-lines\">\n                    <span class=\"line\"><\/span>   \n                    <span class=\"textinline\">\u00d3<\/span>\n                    <span class=\"line\"><\/span>\n                <\/div>\n\n                <div class=\"buttons\">\n                    <!-- Bot\u00f3n personalizado de Google -->\n                    <button type=\"button\" id=\"custom-google-btn\" class=\"btn-google\">\n                        <svg width=\"20\" height=\"20\" viewbox=\"0 0 24 24\" xmlns=\"http:\/\/www.w3.org\/2000\/svg\">\n                            <path d=\"M22.56 12.25c0-.78-.07-1.53-.2-2.25H12v4.26h5.92c-.26 1.37-1.04 2.53-2.21 3.31v2.77h3.57c2.08-1.92 3.28-4.74 3.28-8.09z\" fill=\"#4285F4\"\/>\n                            <path d=\"M12 23c2.97 0 5.46-.98 7.28-2.66l-3.57-2.77c-.98.66-2.23 1.06-3.71 1.06-2.86 0-5.29-1.93-6.16-4.53H2.18v2.84C3.99 20.53 7.7 23 12 23z\" fill=\"#34A853\"\/>\n                            <path d=\"M5.84 14.09c-.22-.66-.35-1.36-.35-2.09s.13-1.43.35-2.09V7.07H2.18C1.43 8.55 1 10.22 1 12s.43 3.45 1.18 4.93l2.85-2.22.81-.62z\" fill=\"#FBBC05\"\/>\n                            <path d=\"M12 5.38c1.62 0 3.06.56 4.21 1.64l3.15-3.15C17.45 2.09 14.97 1 12 1 7.7 1 3.99 3.47 2.18 7.07l3.66 2.84c.87-2.6 3.3-4.53 6.16-4.53z\" fill=\"#EA4335\"\/>\n                        <\/svg>\n                        Contin\u00faa con Google\n                    <\/button>\n\n                    <!-- Bot\u00f3n personalizado de Apple -->\n                    <button type=\"button\" id=\"custom-apple-btn\" class=\"btn-apple\">\n                        <svg width=\"20\" height=\"20\" viewbox=\"0 0 24 24\" xmlns=\"http:\/\/www.w3.org\/2000\/svg\">\n                            <path d=\"M12.152 6.896c-.948 0-2.415-1.078-3.96-1.04-2.04.027-3.91 1.183-4.961 3.014-2.117 3.675-.546 9.103 1.519 12.09 1.013 1.454 2.208 3.09 3.792 3.039 1.52-.065 2.09-.987 3.935-.987 1.831 0 2.35.987 3.96.948 1.637-.026 2.676-1.48 3.676-2.948 1.156-1.688 1.636-3.325 1.662-3.415-.039-.013-3.182-1.221-3.22-4.857-.026-3.04 2.48-4.494 2.597-4.559-1.429-2.09-3.623-2.324-4.39-2.376-2-.156-3.675 1.09-4.61 1.09zM15.53 3.83c.843-1.012 1.4-2.427 1.245-3.83-1.207.052-2.662.805-3.532 1.818-.78.896-1.454 2.338-1.273 3.714 1.338.104 2.715-.688 3.559-1.701\" fill=\"currentColor\"\/>\n                        <\/svg>\n                        Contin\u00faa con Apple\n                    <\/button>\n\n                    <!-- Contenedores ocultos para botones originales -->\n                    <div id=\"google-signin-button-container\" class=\"btn-google\" style=\"display: none !important;\"><\/div>\n                    <div id=\"appleid-signin\" class=\"btn-apple\" style=\"display: none !important;\"\n                        data-color=\"black\"\n                        data-border=\"true\"\n                        data-type=\"sign in\"\n                        data-width=\"100%\" \n                        data-height=\"40\"\n                        data-shape=\"rect\"\n                        data-logo-size=\"medium\">\n                    <\/div>\n                <\/div>\n\n                <p class=\"terms-text\">Al continuar, aceptas los t\u00e9rminos y condiciones de nuestros servicios<\/p>\n            <input type=\"hidden\" name=\"trp-form-language\" value=\"en\"\/><\/form>\n\n            <!-- Checkboxes fuera del contenedor principal -->\n            <div class=\"checkboxs\">\n                <div class=\"checkbox-item\">\n                    <input type=\"checkbox\" name=\"terms_unlocked\" id=\"terms-unlocked\" required>\n                    <label for=\"terms-unlocked\">Mi dispositivo est\u00e1 desbloqueado para todos los operadores.<\/label>\n                    <a href=\"#\" class=\"clickAqui\" data-modal=\"terms\">\n                        <svg xmlns=\"http:\/\/www.w3.org\/2000\/svg\" width=\"20\" height=\"20\" viewbox=\"0 0 24 24\" fill=\"none\">\n                            <path d=\"M10.8 19.2H13.2V16.8H10.8V19.2ZM12 0C10.4241 0 8.86371 0.310389 7.4078 0.913446C5.95189 1.5165 4.62902 2.40042 3.51472 3.51472C1.26428 5.76516 0 8.8174 0 12C0 15.1826 1.26428 18.2348 3.51472 20.4853C4.62902 21.5996 5.95189 22.4835 7.4078 23.0866C8.86371 23.6896 10.4241 24 12 24C15.1826 24 18.2348 22.7357 20.4853 20.4853C22.7357 18.2348 24 15.1826 24 12C24 10.4241 23.6896 8.86371 23.0866 7.4078C22.4835 5.95189 21.5996 4.62902 20.4853 3.51472C19.371 2.40042 18.0481 1.5165 16.5922 0.913446C15.1363 0.310389 13.5759 0 12 0ZM12 21.6C6.708 21.6 2.4 17.292 2.4 12C2.4 6.708 6.708 2.4 12 2.4C17.292 2.4 21.6 6.708 21.6 12C21.6 17.292 17.292 21.6 12 21.6ZM12 4.8C10.727 4.8 9.50606 5.30571 8.60589 6.20589C7.70571 7.10606 7.2 8.32696 7.2 9.6H9.6C9.6 8.96348 9.85286 8.35303 10.3029 7.90294C10.753 7.45286 11.3635 7.2 12 7.2C12.6365 7.2 13.247 7.45286 13.6971 7.90294C14.1471 8.35303 14.4 8.96348 14.4 9.6C14.4 12 10.8 11.7 10.8 15.6H13.2C13.2 12.9 16.8 12.6 16.8 9.6C16.8 8.32696 16.2943 7.10606 15.3941 6.20589C14.4939 5.30571 13.273 4.8 12 4.8Z\" fill=\"#909AA8\"\/>\n                        <\/svg>\n                    <\/a>\n                <\/div>\n\n                <div class=\"checkbox-item\">\n                    <input type=\"checkbox\" name=\"terms_compatible\" id=\"terms-compatible\" required>\n\t\t\t\t\t<label for=\"terms-compatible\">Confirmo que mi dispositivo es compatible con eSim.<br> <a href=\"#\" data-modal=\"device-compatibility\" class=\"terms-text\">[Ver lista de compatibilidad]<\/a><\/label>\n                    <a href=\"#\" class=\"clickAqui\" data-modal=\"device-compatibility\">\n                        <svg xmlns=\"http:\/\/www.w3.org\/2000\/svg\" width=\"20\" height=\"20\" viewbox=\"0 0 24 24\" fill=\"none\">\n                            <path d=\"M10.8 19.2H13.2V16.8H10.8V19.2ZM12 0C10.4241 0 8.86371 0.310389 7.4078 0.913446C5.95189 1.5165 4.62902 2.40042 3.51472 3.51472C1.26428 5.76516 0 8.8174 0 12C0 15.1826 1.26428 18.2348 3.51472 20.4853C4.62902 21.5996 5.95189 22.4835 7.4078 23.0866C8.86371 23.6896 10.4241 24 12 24C15.1826 24 18.2348 22.7357 20.4853 20.4853C22.7357 18.2348 24 15.1826 24 12C24 10.4241 23.6896 8.86371 23.0866 7.4078C22.4835 5.95189 21.5996 4.62902 20.4853 3.51472C19.371 2.40042 18.0481 1.5165 16.5922 0.913446C15.1363 0.310389 13.5759 0 12 0ZM12 21.6C6.708 21.6 2.4 17.292 2.4 12C2.4 6.708 6.708 2.4 12 2.4C17.292 2.4 21.6 6.708 21.6 12C21.6 17.292 17.292 21.6 12 21.6ZM12 4.8C10.727 4.8 9.50606 5.30571 8.60589 6.20589C7.70571 7.10606 7.2 8.32696 7.2 9.6H9.6C9.6 8.96348 9.85286 8.35303 10.3029 7.90294C10.753 7.45286 11.3635 7.2 12 7.2C12.6365 7.2 13.247 7.45286 13.6971 7.90294C14.1471 8.35303 14.4 8.96348 14.4 9.6C14.4 12 10.8 11.7 10.8 15.6H13.2C13.2 12.9 16.8 12.6 16.8 9.6C16.8 8.32696 16.2943 7.10606 15.3941 6.20589C14.4939 5.30571 13.273 4.8 12 4.8Z\" fill=\"#909AA8\"\/>\n                        <\/svg>\n                    <\/a>\n                <\/div>\n            <\/div>\n\n            <!-- Bot\u00f3n principal fuera del contenedor blanco -->\n            <button class=\"btn-continue\" type=\"submit\" id=\"canjearDatos\" disabled>\n                <span>Recibir mi eSIM gratis<\/span>\n                <svg xmlns=\"http:\/\/www.w3.org\/2000\/svg\" width=\"16\" height=\"16\" viewbox=\"0 0 24 24\" fill=\"none\">\n                    <path d=\"M12 4L10.59 5.41L16.17 11H4V13H16.17L10.59 18.59L12 20L20 12L12 4Z\" fill=\"white\"\/>\n                <\/svg>\n            <\/button>\n\n\t\t\t<span class=\"terms-text\">Sin cargos ocultos. Sin compromisos. Solo conexi\u00f3n gratuita para disfrutar El Salvador.<\/span>\n\n            <!-- Resto de modales... (mantener igual) -->\n            <!-- Modal de T\u00e9rminos y Condiciones -->\n            <div id=\"terms-modal\" class=\"kanvas-modal\" style=\"display: none;\">\n                <div class=\"kanvas-modal-content\">\n                    <div class=\"kanvas-modal-header\">\n                        <h2>Terms &amp; Conditions<\/h2>\n                        <span class=\"kanvas-modal-close\" data-modal=\"terms\">&times;<\/span>\n                    <\/div>\n                    <div class=\"kanvas-modal-body\">\n                        <h3>Condiciones de Uso del Servicio eSIM<\/h3>\n                        <p>Al utilizar este servicio, usted acepta los siguientes t\u00e9rminos:<\/p>\n                        <ul>\n                            <li>El plan de 1GB es gratuito y limitado a una activaci\u00f3n por email.<\/li>\n                            <li>Su dispositivo debe estar desbloqueado para todos los operadores.<\/li>\n                            <li>El servicio eSIM requiere un dispositivo compatible. Verifique la compatibilidad de su dispositivo antes de proceder.<\/li>\n                            <li>No nos hacemos responsables por dispositivos incompatibles o bloqueados.<\/li>\n                            <li>La activaci\u00f3n del eSIM puede tardar unos minutos. Por favor, sea paciente.<\/li>\n                            <li>Una vez activado, el plan de datos tiene una validez de 7 d\u00edas.<\/li>\n                            <li>Cualquier uso indebido del servicio resultar\u00e1 en la cancelaci\u00f3n inmediata del plan.<\/li>\n                            <li>Nos reservamos el derecho de modificar estos t\u00e9rminos y condiciones en cualquier momento.<\/li>\n                        <\/ul>\n                        <p>Al hacer clic en \"Canjear tu plan de datos\", usted confirma que ha le\u00eddo, entendido y aceptado estos t\u00e9rminos y condiciones.<\/p>\n                    <\/div>\n                    <div class=\"kanvas-modal-footer\">\n                        <button class=\"kanvas-modal-close-btn\" data-modal=\"terms\">Cerrar<\/button>\n                    <\/div>\n                <\/div>\n            <\/div>\n\n            <!-- Modal de Compatibilidad de Dispositivo -->\n            <!-- Modal de Compatibilidad de Dispositivo -->\n<div id=\"device-compatibility-modal\" class=\"kanvas-modal\" style=\"display: none;\">\n    <div class=\"kanvas-modal-content\">\n        <div class=\"kanvas-modal-header\">\n            <h2>Verificar Compatibilidad del Dispositivo<\/h2>\n            <span class=\"kanvas-modal-close\" data-modal=\"device-compatibility\">&times;<\/span>\n        <\/div>\n        <div class=\"kanvas-modal-body\">\n            <p style=\"margin-bottom: 20px;\">Selecciona tu tipo de dispositivo para ver los modelos compatibles con eSIM:<\/p>\n            \n            <!-- Dropdown de Apple -->\n            <div class=\"device-dropdown-container\">\n                <div class=\"device-dropdown-header\" data-dropdown=\"apple\">\n                    <div class=\"device-dropdown-title\">\n                        <svg width=\"24\" height=\"24\" viewbox=\"0 0 24 24\" fill=\"none\" xmlns=\"http:\/\/www.w3.org\/2000\/svg\">\n                            <path d=\"M12.152 6.896c-.948 0-2.415-1.078-3.96-1.04-2.04.027-3.91 1.183-4.961 3.014-2.117 3.675-.546 9.103 1.519 12.09 1.013 1.454 2.208 3.09 3.792 3.039 1.52-.065 2.09-.987 3.935-.987 1.831 0 2.35.987 3.96.948 1.637-.026 2.676-1.48 3.676-2.948 1.156-1.688 1.636-3.325 1.662-3.415-.039-.013-3.182-1.221-3.22-4.857-.026-3.04 2.48-4.494 2.597-4.559-1.429-2.09-3.623-2.324-4.39-2.376-2-.156-3.675 1.09-4.61 1.09zM15.53 3.83c.843-1.012 1.4-2.427 1.245-3.83-1.207.052-2.662.805-3.532 1.818-.78.896-1.454 2.338-1.273 3.714 1.338.104 2.715-.688 3.559-1.701\" fill=\"#333\"\/>\n                        <\/svg>\n                        <span>Dispositivos Apple<\/span>\n                    <\/div>\n                    <svg class=\"dropdown-arrow\" width=\"16\" height=\"16\" viewbox=\"0 0 24 24\" fill=\"none\" xmlns=\"http:\/\/www.w3.org\/2000\/svg\">\n                        <path d=\"M7 10L12 15L17 10H7Z\" fill=\"#666\"\/>\n                    <\/svg>\n                <\/div>\n                <div class=\"device-dropdown-content\" id=\"apple-devices\" style=\"display: none;\">\n                    <div class=\"device-category\">\n                        <h4>iPhone<\/h4>\n                        <ul id=\"apple-iphone-list\" class=\"device-list\"><\/ul>\n                    <\/div>\n                    <div class=\"device-category\">\n                        <h4>iPad<\/h4>\n                        <ul id=\"apple-ipad-list\" class=\"device-list\"><\/ul>\n                    <\/div>\n                <\/div>\n            <\/div>\n\n            <!-- Dropdown de Android -->\n            <div class=\"device-dropdown-container\">\n                <div class=\"device-dropdown-header\" data-dropdown=\"android\">\n                    <div class=\"device-dropdown-title\">\n                        <svg width=\"24\" height=\"24\" viewbox=\"0 0 24 24\" fill=\"none\" xmlns=\"http:\/\/www.w3.org\/2000\/svg\">\n                            <path d=\"M6 18c0 .55.45 1 1 1h1v3.5c0 .83.67 1.5 1.5 1.5s1.5-.67 1.5-1.5V19h2v3.5c0 .83.67 1.5 1.5 1.5s1.5-.67 1.5-1.5V19h1c.55 0 1-.45 1-1V8H6v10zM3.5 8C2.67 8 2 8.67 2 9.5v7c0 .83.67 1.5 1.5 1.5S5 17.33 5 16.5v-7C5 8.67 4.33 8 3.5 8zM20.5 8c-.83 0-1.5.67-1.5 1.5v7c0 .83.67 1.5 1.5 1.5s1.5-.67 1.5-1.5v-7c0-.83-.67-1.5-1.5-1.5zM15.53 2.16l1.3-1.3c.2-.2.2-.51 0-.71-.2-.2-.51-.2-.71 0l-1.48 1.48C13.85 1.23 12.95 1 12 1c-.96 0-1.86.23-2.66.63L7.85.15c-.2-.2-.51-.2-.71 0-.2.2-.2.51 0 .71l1.31 1.31C6.97 3.26 6 5.01 6 7h12c0-1.99-.97-3.75-2.47-4.84zM10 5H9V4h1v1zm5 0h-1V4h1v1z\" fill=\"#3DDC84\"\/>\n                        <\/svg>\n                        <span>Dispositivos Android<\/span>\n                    <\/div>\n                    <svg class=\"dropdown-arrow\" width=\"16\" height=\"16\" viewbox=\"0 0 24 24\" fill=\"none\" xmlns=\"http:\/\/www.w3.org\/2000\/svg\">\n                        <path d=\"M7 10L12 15L17 10H7Z\" fill=\"#666\"\/>\n                    <\/svg>\n                <\/div>\n                <div class=\"device-dropdown-content\" id=\"android-devices\" style=\"display: none;\">\n                    <!-- Las marcas de Android se cargar\u00e1n din\u00e1micamente aqu\u00ed -->\n                <\/div>\n            <\/div>\n\n            <!-- Mensaje si no hay dispositivos -->\n            <div id=\"no-devices-message\" style=\"display: none; text-align: center; margin-top: 20px; color: #666;\">\n                <p>Cargando informaci\u00f3n de dispositivos compatibles...<\/p>\n            <\/div>\n        <\/div>\n        <div class=\"kanvas-modal-footer\">\n            <button class=\"kanvas-modal-close-btn\" data-modal=\"device-compatibility\">Cerrar<\/button>\n        <\/div>\n    <\/div>\n<\/div>\n\n            <!-- Modal de \u00c9xito de la Orden -->\n            <div id=\"success-modal\" class=\"kanvas-modal\" style=\"display: none; position: fixed; top: 0; left: 0; width: 100vw; height: 100vh; background-color: white; z-index: 9999; flex-direction: column; justify-content: center; align-items: center; text-align: center; padding: 20px;\">\n                <div class=\"kanvas-modal-content\" style=\"width: 100%; height: 100%; max-width: none; max-height: none; border-radius: 0; box-shadow: none; display: flex; flex-direction: column; justify-content: center; align-items: center;\">\n                    <div class=\"kanvas-modal-header\" style=\"display: none;\">\n                        <!-- Encabezado oculto para modal de \u00e9xito -->\n                    <\/div>\n                    <div class=\"kanvas-modal-body success-body\" style=\"flex-grow: 1; display: flex; flex-direction: column; justify-content: center; align-items: center; padding: 20px;\">\n                        <img decoding=\"async\" src=\"https:\/\/simlimites.com\/wp-content\/plugins\/Kanvas eSIM Order Form\/assets\/success.png\" alt=\"\u00c9xito\" style=\"max-width: 200px; margin-bottom: 20px;\" title=\"\">\n                        <h2 style=\"font-size: 2em; color: #333; margin-bottom: 10px;\">\u00a1Tu eSim est\u00e1 listo!<\/h2>\n                        <p style=\"font-size: 1.2em; color: #666; margin-bottom: 30px;\">Ser\u00e1s redirigido a la p\u00e1gina de tu eSim autom\u00e1ticamente.<\/p>\n\n                        <div class=\"steps-container\">\n    <div class=\"step\" id=\"step-1\">\n        <div class=\"step-number\">1<\/div>\n        <div class=\"step-content\">\n            <div class=\"step-title\">Verifica tu correo<\/div>\n            <div class=\"step-description\">Te enviamos un email de confirmaci\u00f3n. \u00c1brelo y haz clic en el enlace.<\/div>\n        <\/div>\n    <\/div>\n    \n    <div class=\"step\" id=\"step-2\">\n        <div class=\"step-number\">2<\/div>\n        <div class=\"step-content\">\n            <div class=\"step-title\">Inicia sesi\u00f3n<\/div>\n            <div class=\"step-description\">Usa tus credenciales para entrar a tu cuenta.<\/div>\n        <\/div>\n    <\/div>\n    \n    <div class=\"step\" id=\"step-3\">\n        <div class=\"step-number\">3<\/div>\n        <div class=\"step-content\">\n            <div class=\"step-title\">Activa tu eSIM<\/div>\n            <div class=\"step-description\">Elige tu plan y empieza a disfrutar.<\/div>\n        <\/div>\n    <\/div>\n<\/div>\n\n                       <!-- <a href=\"#\" id=\"success-redirect-link\" style=\"padding: 10px 20px;  color: #00B8F1; text-decoration: none;  font-weight: bold; transition: background-color 0.3s ease;\">Ir a la p\u00e1gina de tu eSim<\/a> -->\n                    <\/div>\n                    <div class=\"kanvas-modal-footer\" style=\"display: none;\">\n                        <!-- Pie de p\u00e1gina oculto para modal de \u00e9xito -->\n                    <\/div>\n                <\/div>\n            <\/div>\n\n            <!-- Modal de Error -->\n            <div id=\"error-modal\" class=\"kanvas-modal\" style=\"display: none;\">\n                <div class=\"kanvas-modal-content\">\n                    <div class=\"kanvas-modal-header\">\n                        <h2>Error<\/h2>\n                        <span class=\"kanvas-modal-close\" data-modal=\"error\">&times;<\/span>\n                    <\/div>\n                    <div class=\"kanvas-modal-body error-body\">\n                        <p id=\"error-message\"><\/p>\n                    <\/div>\n                    <div class=\"kanvas-modal-footer\">\n                        <button class=\"kanvas-modal-close-btn\" data-modal=\"error\">Cerrar<\/button>\n                    <\/div>\n                <\/div>\n            <\/div>\n\n            <!-- Modal de Carga -->\n            <div id=\"loading-modal\" class=\"kanvas-modal\" style=\"display: none;\">\n                <div class=\"kanvas-modal-content loading-content\">\n                    <!-- Iframe de LottieFiles -->\n                    <iframe src=\"https:\/\/lottie.host\/embed\/986306c5-5d31-402d-a676-74bfcf2cba78\/xKY9nqvOLj.lottie\" style=\"width: 300px; height: 300px; border: none;\" allowfullscreen><\/iframe>\n\t\t\t\t\t<p class=\"loading-main-text\">Estamos generando <b>tu eSIM<\/b><\/p>\n                    <p class=\"loading-subtitle-text\">No recargue ni cierre el navegador hasta completar el proceso.<\/p>\n                <\/div>\n            <\/div>\n        <\/div>\n        <\/div>\n\t\t\t\t<\/div>\n\t\t\t\t<\/div>\n\t\t\t\t<\/div>\n\t\t\t\t\t<\/div>\n\t\t\t\t<\/div>\n\t\t\t\t<\/div>","protected":false},"excerpt":{"rendered":"<p>Vamos a canjear tu eSIM Comienza a disfrutar de 1GB de datos gratis<\/p>","protected":false},"author":26474,"featured_media":0,"parent":0,"menu_order":0,"comment_status":"closed","ping_status":"closed","template":"elementor_canvas","meta":{"_acf_changed":false,"site-sidebar-layout":"no-sidebar","site-content-layout":"page-builder","ast-site-content-layout":"full-width-container","site-content-style":"default","site-sidebar-style":"default","ast-global-header-display":"","ast-banner-title-visibility":"","ast-main-header-display":"","ast-hfb-above-header-display":"","ast-hfb-below-header-display":"","ast-hfb-mobile-header-display":"","site-post-title":"disabled","ast-breadcrumbs-content":"","ast-featured-img":"disabled","footer-sml-layout":"","theme-transparent-header-meta":"","adv-header-id-meta":"","stick-header-meta":"","header-above-stick-meta":"","header-main-stick-meta":"","header-below-stick-meta":"","astra-migrate-meta-layouts":"set","ast-page-background-enabled":"default","ast-page-background-meta":{"desktop":{"background-color":"var(--ast-global-color-4)","background-image":"","background-repeat":"repeat","background-position":"center center","background-size":"auto","background-attachment":"scroll","background-type":"","background-media":"","overlay-type":"","overlay-color":"","overlay-gradient":""},"tablet":{"background-color":"","background-image":"","background-repeat":"repeat","background-position":"center center","background-size":"auto","background-attachment":"scroll","background-type":"","background-media":"","overlay-type":"","overlay-color":"","overlay-gradient":""},"mobile":{"background-color":"","background-image":"","background-repeat":"repeat","background-position":"center center","background-size":"auto","background-attachment":"scroll","background-type":"","background-media":"","overlay-type":"","overlay-color":"","overlay-gradient":""}},"ast-content-background-meta":{"desktop":{"background-color":"var(--ast-global-color-5)","background-image":"","background-repeat":"repeat","background-position":"center center","background-size":"auto","background-attachment":"scroll","background-type":"","background-media":"","overlay-type":"","overlay-color":"","overlay-gradient":""},"tablet":{"background-color":"var(--ast-global-color-5)","background-image":"","background-repeat":"repeat","background-position":"center center","background-size":"auto","background-attachment":"scroll","background-type":"","background-media":"","overlay-type":"","overlay-color":"","overlay-gradient":""},"mobile":{"background-color":"var(--ast-global-color-5)","background-image":"","background-repeat":"repeat","background-position":"center center","background-size":"auto","background-attachment":"scroll","background-type":"","background-media":"","overlay-type":"","overlay-color":"","overlay-gradient":""}},"footnotes":""},"class_list":["post-90382","page","type-page","status-publish","hentry"],"acf":[],"jetpack_sharing_enabled":true,"meta_box":[],"_links":{"self":[{"href":"https:\/\/simlimites.com\/en\/wp-json\/wp\/v2\/pages\/90382","targetHints":{"allow":["GET"]}}],"collection":[{"href":"https:\/\/simlimites.com\/en\/wp-json\/wp\/v2\/pages"}],"about":[{"href":"https:\/\/simlimites.com\/en\/wp-json\/wp\/v2\/types\/page"}],"author":[{"embeddable":true,"href":"https:\/\/simlimites.com\/en\/wp-json\/wp\/v2\/users\/26474"}],"replies":[{"embeddable":true,"href":"https:\/\/simlimites.com\/en\/wp-json\/wp\/v2\/comments?post=90382"}],"version-history":[{"count":7,"href":"https:\/\/simlimites.com\/en\/wp-json\/wp\/v2\/pages\/90382\/revisions"}],"predecessor-version":[{"id":90826,"href":"https:\/\/simlimites.com\/en\/wp-json\/wp\/v2\/pages\/90382\/revisions\/90826"}],"wp:attachment":[{"href":"https:\/\/simlimites.com\/en\/wp-json\/wp\/v2\/media?parent=90382"}],"curies":[{"name":"wp","href":"https:\/\/api.w.org\/{rel}","templated":true}]}}