{"id":25618,"date":"2023-10-12T01:16:54","date_gmt":"2023-10-12T05:16:54","guid":{"rendered":"https:\/\/simlimites.com\/?post_type=product&#038;p=25618"},"modified":"2025-11-17T20:40:23","modified_gmt":"2025-11-18T00:40:23","slug":"monaco","status":"publish","type":"product","link":"https:\/\/simlimites.com\/en\/product\/monaco\/","title":{"rendered":"Monaco"},"content":{"rendered":"","protected":false},"excerpt":{"rendered":"<p>Descubre la elegancia y la versatilidad de <strong>Monaco<\/strong> con nuestra eSIM exclusiva. Con\u00e9ctate sin fronteras y con estilo a las redes m\u00f3viles internacionales de la comodidad con nuestra eSIM de M\u00f3naco y mant\u00e9n tu conexi\u00f3n activa en cualquier lugar del mundo con una sola tarjeta. \u00a1Vive la libertad de viajar sin limitaciones en <strong>Montecarlo, La Condamine, Fontvieille <\/strong>y sus otras cuidades.<\/p>","protected":false},"featured_media":25619,"comment_status":"open","ping_status":"closed","template":"","meta":{"_acf_changed":false,"site-sidebar-layout":"default","site-content-layout":"","ast-site-content-layout":"default","site-content-style":"default","site-sidebar-style":"default","ast-global-header-display":"","ast-banner-title-visibility":"","ast-main-header-display":"","ast-hfb-above-header-display":"","ast-hfb-below-header-display":"","ast-hfb-mobile-header-display":"","site-post-title":"","ast-breadcrumbs-content":"","ast-featured-img":"","footer-sml-layout":"","theme-transparent-header-meta":"default","adv-header-id-meta":"","stick-header-meta":"default","header-above-stick-meta":"","header-main-stick-meta":"","header-below-stick-meta":"","astra-migrate-meta-layouts":"set","ast-page-background-enabled":"default","ast-page-background-meta":{"desktop":{"background-color":"var(--ast-global-color-4)","background-image":"","background-repeat":"repeat","background-position":"center center","background-size":"auto","background-attachment":"scroll","background-type":"","background-media":"","overlay-type":"","overlay-color":"","overlay-gradient":""},"tablet":{"background-color":"","background-image":"","background-repeat":"repeat","background-position":"center center","background-size":"auto","background-attachment":"scroll","background-type":"","background-media":"","overlay-type":"","overlay-color":"","overlay-gradient":""},"mobile":{"background-color":"","background-image":"","background-repeat":"repeat","background-position":"center center","background-size":"auto","background-attachment":"scroll","background-type":"","background-media":"","overlay-type":"","overlay-color":"","overlay-gradient":""}},"ast-content-background-meta":{"desktop":{"background-color":"var(--ast-global-color-5)","background-image":"","background-repeat":"repeat","background-position":"center center","background-size":"auto","background-attachment":"scroll","background-type":"","background-media":"","overlay-type":"","overlay-color":"","overlay-gradient":""},"tablet":{"background-color":"var(--ast-global-color-5)","background-image":"","background-repeat":"repeat","background-position":"center center","background-size":"auto","background-attachment":"scroll","background-type":"","background-media":"","overlay-type":"","overlay-color":"","overlay-gradient":""},"mobile":{"background-color":"var(--ast-global-color-5)","background-image":"","background-repeat":"repeat","background-position":"center center","background-size":"auto","background-attachment":"scroll","background-type":"","background-media":"","overlay-type":"","overlay-color":"","overlay-gradient":""}}},"product_city":[],"product_brand":[],"product_cat":[284],"product_tag":[683],"class_list":{"0":"post-25618","1":"product","2":"type-product","3":"status-publish","4":"has-post-thumbnail","6":"product_cat-local-plans","7":"product_tag-monaco","8":"desktop-align-left","9":"tablet-align-left","10":"mobile-align-left","11":"ast-product-gallery-layout-horizontal-slider","12":"ast-product-gallery-with-no-image","13":"ast-magnify-disabled","14":"ast-product-tabs-layout-accordion","16":"first","17":"instock","18":"virtual","19":"purchasable","20":"product-type-simple"},"acf":[],"jetpack_sharing_enabled":true,"meta_box":[],"_links":{"self":[{"href":"https:\/\/simlimites.com\/en\/wp-json\/wp\/v2\/product\/25618","targetHints":{"allow":["GET"]}}],"collection":[{"href":"https:\/\/simlimites.com\/en\/wp-json\/wp\/v2\/product"}],"about":[{"href":"https:\/\/simlimites.com\/en\/wp-json\/wp\/v2\/types\/product"}],"replies":[{"embeddable":true,"href":"https:\/\/simlimites.com\/en\/wp-json\/wp\/v2\/comments?post=25618"}],"wp:featuredmedia":[{"embeddable":true,"href":"https:\/\/simlimites.com\/en\/wp-json\/wp\/v2\/media\/25619"}],"wp:attachment":[{"href":"https:\/\/simlimites.com\/en\/wp-json\/wp\/v2\/media?parent=25618"}],"wp:term":[{"taxonomy":"product_city","embeddable":true,"href":"https:\/\/simlimites.com\/en\/wp-json\/wp\/v2\/product_city?post=25618"},{"taxonomy":"product_brand","embeddable":true,"href":"https:\/\/simlimites.com\/en\/wp-json\/wp\/v2\/product_brand?post=25618"},{"taxonomy":"product_cat","embeddable":true,"href":"https:\/\/simlimites.com\/en\/wp-json\/wp\/v2\/product_cat?post=25618"},{"taxonomy":"product_tag","embeddable":true,"href":"https:\/\/simlimites.com\/en\/wp-json\/wp\/v2\/product_tag?post=25618"}],"curies":[{"name":"wp","href":"https:\/\/api.w.org\/{rel}","templated":true}]}}