{"id":25795,"date":"2023-10-12T17:17:35","date_gmt":"2023-10-12T21:17:35","guid":{"rendered":"https:\/\/simlimites.com\/?post_type=product&#038;p=25795"},"modified":"2025-11-18T16:39:49","modified_gmt":"2025-11-18T20:39:49","slug":"lituania","status":"publish","type":"product","link":"https:\/\/simlimites.com\/en\/product\/lituania\/","title":{"rendered":"Lithuania"},"content":{"rendered":"","protected":false},"excerpt":{"rendered":"<p>No te quedes sin datos mientras viajas por <strong>Lithuania<\/strong>, compra ahora mismo tu eSIM prepago internacional y rec\u00edbela en instantes en tu correo electr\u00f3nico lista para activar y usar. El internet m\u00e1s r\u00e1pido y con mejor calidad lo encuentras con la <strong>tecnolog\u00eda eSIM<\/strong>.<\/p>","protected":false},"featured_media":25796,"comment_status":"open","ping_status":"closed","template":"","meta":{"_acf_changed":false,"site-sidebar-layout":"default","site-content-layout":"","ast-site-content-layout":"default","site-content-style":"default","site-sidebar-style":"default","ast-global-header-display":"","ast-banner-title-visibility":"","ast-main-header-display":"","ast-hfb-above-header-display":"","ast-hfb-below-header-display":"","ast-hfb-mobile-header-display":"","site-post-title":"","ast-breadcrumbs-content":"","ast-featured-img":"","footer-sml-layout":"","theme-transparent-header-meta":"default","adv-header-id-meta":"","stick-header-meta":"default","header-above-stick-meta":"","header-main-stick-meta":"","header-below-stick-meta":"","astra-migrate-meta-layouts":"set","ast-page-background-enabled":"default","ast-page-background-meta":{"desktop":{"background-color":"var(--ast-global-color-4)","background-image":"","background-repeat":"repeat","background-position":"center center","background-size":"auto","background-attachment":"scroll","background-type":"","background-media":"","overlay-type":"","overlay-color":"","overlay-gradient":""},"tablet":{"background-color":"","background-image":"","background-repeat":"repeat","background-position":"center center","background-size":"auto","background-attachment":"scroll","background-type":"","background-media":"","overlay-type":"","overlay-color":"","overlay-gradient":""},"mobile":{"background-color":"","background-image":"","background-repeat":"repeat","background-position":"center center","background-size":"auto","background-attachment":"scroll","background-type":"","background-media":"","overlay-type":"","overlay-color":"","overlay-gradient":""}},"ast-content-background-meta":{"desktop":{"background-color":"var(--ast-global-color-5)","background-image":"","background-repeat":"repeat","background-position":"center center","background-size":"auto","background-attachment":"scroll","background-type":"","background-media":"","overlay-type":"","overlay-color":"","overlay-gradient":""},"tablet":{"background-color":"var(--ast-global-color-5)","background-image":"","background-repeat":"repeat","background-position":"center center","background-size":"auto","background-attachment":"scroll","background-type":"","background-media":"","overlay-type":"","overlay-color":"","overlay-gradient":""},"mobile":{"background-color":"var(--ast-global-color-5)","background-image":"","background-repeat":"repeat","background-position":"center center","background-size":"auto","background-attachment":"scroll","background-type":"","background-media":"","overlay-type":"","overlay-color":"","overlay-gradient":""}}},"product_city":[668,667],"product_brand":[],"product_cat":[284],"product_tag":[85],"class_list":{"0":"post-25795","1":"product","2":"type-product","3":"status-publish","4":"has-post-thumbnail","6":"product_city-kaunas","7":"product_city-vilnius","8":"product_cat-local-plans","9":"product_tag-lituania","10":"desktop-align-left","11":"tablet-align-left","12":"mobile-align-left","13":"ast-product-gallery-layout-horizontal-slider","14":"ast-product-gallery-with-no-image","15":"ast-magnify-disabled","16":"ast-product-tabs-layout-accordion","18":"first","19":"instock","20":"virtual","21":"purchasable","22":"product-type-simple"},"acf":[],"jetpack_sharing_enabled":true,"meta_box":[],"_links":{"self":[{"href":"https:\/\/simlimites.com\/en\/wp-json\/wp\/v2\/product\/25795","targetHints":{"allow":["GET"]}}],"collection":[{"href":"https:\/\/simlimites.com\/en\/wp-json\/wp\/v2\/product"}],"about":[{"href":"https:\/\/simlimites.com\/en\/wp-json\/wp\/v2\/types\/product"}],"replies":[{"embeddable":true,"href":"https:\/\/simlimites.com\/en\/wp-json\/wp\/v2\/comments?post=25795"}],"wp:featuredmedia":[{"embeddable":true,"href":"https:\/\/simlimites.com\/en\/wp-json\/wp\/v2\/media\/25796"}],"wp:attachment":[{"href":"https:\/\/simlimites.com\/en\/wp-json\/wp\/v2\/media?parent=25795"}],"wp:term":[{"taxonomy":"product_city","embeddable":true,"href":"https:\/\/simlimites.com\/en\/wp-json\/wp\/v2\/product_city?post=25795"},{"taxonomy":"product_brand","embeddable":true,"href":"https:\/\/simlimites.com\/en\/wp-json\/wp\/v2\/product_brand?post=25795"},{"taxonomy":"product_cat","embeddable":true,"href":"https:\/\/simlimites.com\/en\/wp-json\/wp\/v2\/product_cat?post=25795"},{"taxonomy":"product_tag","embeddable":true,"href":"https:\/\/simlimites.com\/en\/wp-json\/wp\/v2\/product_tag?post=25795"}],"curies":[{"name":"wp","href":"https:\/\/api.w.org\/{rel}","templated":true}]}}