{"id":4781,"date":"2023-02-02T16:27:49","date_gmt":"2023-02-02T20:27:49","guid":{"rendered":"https:\/\/simlimites.com\/?post_type=product&#038;p=4781"},"modified":"2025-11-18T16:13:08","modified_gmt":"2025-11-18T20:13:08","slug":"noruega","status":"publish","type":"product","link":"https:\/\/simlimites.com\/en\/product\/noruega\/","title":{"rendered":"Norway"},"content":{"rendered":"","protected":false},"excerpt":{"rendered":"<p>\u00bfQu\u00e9 tal un crucero por los <strong>fiordos noruegos<\/strong>? \u00bfO una escapada a la bellas ciudades de <strong>Oslo<\/strong>, <strong>Bergen<\/strong> y Trondheim? Nuestra eSIM, libre de roaming, te acompa\u00f1a por tu aventura a uno de los pa\u00edses m\u00e1s hermosos de Europa.<\/p>","protected":false},"featured_media":25621,"comment_status":"open","ping_status":"closed","template":"","meta":{"_acf_changed":false,"site-sidebar-layout":"default","site-content-layout":"","ast-site-content-layout":"default","site-content-style":"default","site-sidebar-style":"default","ast-global-header-display":"","ast-banner-title-visibility":"","ast-main-header-display":"","ast-hfb-above-header-display":"","ast-hfb-below-header-display":"","ast-hfb-mobile-header-display":"","site-post-title":"","ast-breadcrumbs-content":"","ast-featured-img":"","footer-sml-layout":"","theme-transparent-header-meta":"default","adv-header-id-meta":"","stick-header-meta":"default","header-above-stick-meta":"","header-main-stick-meta":"","header-below-stick-meta":"","astra-migrate-meta-layouts":"set","ast-page-background-enabled":"default","ast-page-background-meta":{"desktop":{"background-color":"var(--ast-global-color-4)","background-image":"","background-repeat":"repeat","background-position":"center center","background-size":"auto","background-attachment":"scroll","background-type":"","background-media":"","overlay-type":"","overlay-color":"","overlay-gradient":""},"tablet":{"background-color":"","background-image":"","background-repeat":"repeat","background-position":"center center","background-size":"auto","background-attachment":"scroll","background-type":"","background-media":"","overlay-type":"","overlay-color":"","overlay-gradient":""},"mobile":{"background-color":"","background-image":"","background-repeat":"repeat","background-position":"center center","background-size":"auto","background-attachment":"scroll","background-type":"","background-media":"","overlay-type":"","overlay-color":"","overlay-gradient":""}},"ast-content-background-meta":{"desktop":{"background-color":"var(--ast-global-color-5)","background-image":"","background-repeat":"repeat","background-position":"center center","background-size":"auto","background-attachment":"scroll","background-type":"","background-media":"","overlay-type":"","overlay-color":"","overlay-gradient":""},"tablet":{"background-color":"var(--ast-global-color-5)","background-image":"","background-repeat":"repeat","background-position":"center center","background-size":"auto","background-attachment":"scroll","background-type":"","background-media":"","overlay-type":"","overlay-color":"","overlay-gradient":""},"mobile":{"background-color":"var(--ast-global-color-5)","background-image":"","background-repeat":"repeat","background-position":"center center","background-size":"auto","background-attachment":"scroll","background-type":"","background-media":"","overlay-type":"","overlay-color":"","overlay-gradient":""}}},"product_city":[499,498,500],"product_brand":[],"product_cat":[284],"product_tag":[92],"class_list":{"0":"post-4781","1":"product","2":"type-product","3":"status-publish","4":"has-post-thumbnail","6":"product_city-bergen","7":"product_city-oslo","8":"product_city-trondheim","9":"product_cat-local-plans","10":"product_tag-noruega","11":"desktop-align-left","12":"tablet-align-left","13":"mobile-align-left","14":"ast-product-gallery-layout-horizontal-slider","15":"ast-product-gallery-with-no-image","16":"ast-magnify-disabled","17":"ast-product-tabs-layout-accordion","19":"first","20":"instock","21":"virtual","22":"purchasable","23":"product-type-simple"},"acf":[],"jetpack_sharing_enabled":true,"meta_box":[],"_links":{"self":[{"href":"https:\/\/simlimites.com\/en\/wp-json\/wp\/v2\/product\/4781","targetHints":{"allow":["GET"]}}],"collection":[{"href":"https:\/\/simlimites.com\/en\/wp-json\/wp\/v2\/product"}],"about":[{"href":"https:\/\/simlimites.com\/en\/wp-json\/wp\/v2\/types\/product"}],"replies":[{"embeddable":true,"href":"https:\/\/simlimites.com\/en\/wp-json\/wp\/v2\/comments?post=4781"}],"wp:featuredmedia":[{"embeddable":true,"href":"https:\/\/simlimites.com\/en\/wp-json\/wp\/v2\/media\/25621"}],"wp:attachment":[{"href":"https:\/\/simlimites.com\/en\/wp-json\/wp\/v2\/media?parent=4781"}],"wp:term":[{"taxonomy":"product_city","embeddable":true,"href":"https:\/\/simlimites.com\/en\/wp-json\/wp\/v2\/product_city?post=4781"},{"taxonomy":"product_brand","embeddable":true,"href":"https:\/\/simlimites.com\/en\/wp-json\/wp\/v2\/product_brand?post=4781"},{"taxonomy":"product_cat","embeddable":true,"href":"https:\/\/simlimites.com\/en\/wp-json\/wp\/v2\/product_cat?post=4781"},{"taxonomy":"product_tag","embeddable":true,"href":"https:\/\/simlimites.com\/en\/wp-json\/wp\/v2\/product_tag?post=4781"}],"curies":[{"name":"wp","href":"https:\/\/api.w.org\/{rel}","templated":true}]}}