{"id":4783,"date":"2023-02-02T17:08:25","date_gmt":"2023-02-02T21:08:25","guid":{"rendered":"https:\/\/simlimites.com\/?post_type=product&#038;p=4783"},"modified":"2025-11-17T20:05:17","modified_gmt":"2025-11-18T00:05:17","slug":"nueva-zelanda","status":"publish","type":"product","link":"https:\/\/simlimites.com\/en\/product\/nueva-zelanda\/","title":{"rendered":"New Zealand"},"content":{"rendered":"","protected":false},"excerpt":{"rendered":"<p><span style=\"font-weight: 400;\"><strong>New Zealand<\/strong> posee los paisajes m\u00e1s fotog\u00e9nicos y cinematogr\u00e1ficos que <strong>Hollywood<\/strong> haya podido encontrar. Con nuestra <strong>eSIM<\/strong> podr\u00e1s comunicarte desde este para\u00edso terrenal lleno de impresionantes monta\u00f1as, fiordos, playas y bosques. \u00a1No dejes de explorar <strong>Wellington<\/strong>! su capital.\u00a0<\/span><\/p>","protected":false},"featured_media":25947,"comment_status":"open","ping_status":"closed","template":"","meta":{"_acf_changed":false,"site-sidebar-layout":"default","site-content-layout":"","ast-site-content-layout":"default","site-content-style":"default","site-sidebar-style":"default","ast-global-header-display":"","ast-banner-title-visibility":"","ast-main-header-display":"","ast-hfb-above-header-display":"","ast-hfb-below-header-display":"","ast-hfb-mobile-header-display":"","site-post-title":"","ast-breadcrumbs-content":"","ast-featured-img":"","footer-sml-layout":"","theme-transparent-header-meta":"default","adv-header-id-meta":"","stick-header-meta":"default","header-above-stick-meta":"","header-main-stick-meta":"","header-below-stick-meta":"","astra-migrate-meta-layouts":"set","ast-page-background-enabled":"default","ast-page-background-meta":{"desktop":{"background-color":"var(--ast-global-color-4)","background-image":"","background-repeat":"repeat","background-position":"center center","background-size":"auto","background-attachment":"scroll","background-type":"","background-media":"","overlay-type":"","overlay-color":"","overlay-gradient":""},"tablet":{"background-color":"","background-image":"","background-repeat":"repeat","background-position":"center center","background-size":"auto","background-attachment":"scroll","background-type":"","background-media":"","overlay-type":"","overlay-color":"","overlay-gradient":""},"mobile":{"background-color":"","background-image":"","background-repeat":"repeat","background-position":"center center","background-size":"auto","background-attachment":"scroll","background-type":"","background-media":"","overlay-type":"","overlay-color":"","overlay-gradient":""}},"ast-content-background-meta":{"desktop":{"background-color":"var(--ast-global-color-5)","background-image":"","background-repeat":"repeat","background-position":"center center","background-size":"auto","background-attachment":"scroll","background-type":"","background-media":"","overlay-type":"","overlay-color":"","overlay-gradient":""},"tablet":{"background-color":"var(--ast-global-color-5)","background-image":"","background-repeat":"repeat","background-position":"center center","background-size":"auto","background-attachment":"scroll","background-type":"","background-media":"","overlay-type":"","overlay-color":"","overlay-gradient":""},"mobile":{"background-color":"var(--ast-global-color-5)","background-image":"","background-repeat":"repeat","background-position":"center center","background-size":"auto","background-attachment":"scroll","background-type":"","background-media":"","overlay-type":"","overlay-color":"","overlay-gradient":""}}},"product_city":[],"product_brand":[],"product_cat":[284],"product_tag":[113],"class_list":{"0":"post-4783","1":"product","2":"type-product","3":"status-publish","4":"has-post-thumbnail","6":"product_cat-local-plans","7":"product_tag-nueva-zelanda","8":"desktop-align-left","9":"tablet-align-left","10":"mobile-align-left","11":"ast-product-gallery-layout-horizontal-slider","12":"ast-product-gallery-with-no-image","13":"ast-magnify-disabled","14":"ast-product-tabs-layout-accordion","16":"first","17":"instock","18":"virtual","19":"purchasable","20":"product-type-simple"},"acf":[],"jetpack_sharing_enabled":true,"meta_box":[],"_links":{"self":[{"href":"https:\/\/simlimites.com\/en\/wp-json\/wp\/v2\/product\/4783","targetHints":{"allow":["GET"]}}],"collection":[{"href":"https:\/\/simlimites.com\/en\/wp-json\/wp\/v2\/product"}],"about":[{"href":"https:\/\/simlimites.com\/en\/wp-json\/wp\/v2\/types\/product"}],"replies":[{"embeddable":true,"href":"https:\/\/simlimites.com\/en\/wp-json\/wp\/v2\/comments?post=4783"}],"wp:featuredmedia":[{"embeddable":true,"href":"https:\/\/simlimites.com\/en\/wp-json\/wp\/v2\/media\/25947"}],"wp:attachment":[{"href":"https:\/\/simlimites.com\/en\/wp-json\/wp\/v2\/media?parent=4783"}],"wp:term":[{"taxonomy":"product_city","embeddable":true,"href":"https:\/\/simlimites.com\/en\/wp-json\/wp\/v2\/product_city?post=4783"},{"taxonomy":"product_brand","embeddable":true,"href":"https:\/\/simlimites.com\/en\/wp-json\/wp\/v2\/product_brand?post=4783"},{"taxonomy":"product_cat","embeddable":true,"href":"https:\/\/simlimites.com\/en\/wp-json\/wp\/v2\/product_cat?post=4783"},{"taxonomy":"product_tag","embeddable":true,"href":"https:\/\/simlimites.com\/en\/wp-json\/wp\/v2\/product_tag?post=4783"}],"curies":[{"name":"wp","href":"https:\/\/api.w.org\/{rel}","templated":true}]}}